{"id":28,"date":"2016-03-25T21:21:59","date_gmt":"2016-03-25T21:21:59","guid":{"rendered":"http:\/\/blog.wf-holthausen-huxel.de\/?page_id=28"},"modified":"2021-12-13T10:01:52","modified_gmt":"2021-12-13T10:01:52","slug":"permanentwanderweg","status":"publish","type":"page","link":"http:\/\/blog.wf-holthausen-huxel.de\/?page_id=28","title":{"rendered":"Permanentwanderweg"},"content":{"rendered":"<h2>\u201eHeiliger Berg\u201c Wilzenberg<\/h2>\n<h4>Streckenl\u00e4ngen 9 und 16 km<\/h4>\n<h3>Er\u00f6ffnet am 5. April 2010<\/h3>\n<p>Unsere Wanderstrecken bei outdooractive:<\/p>\n<p><a href=\"https:\/\/regio.outdooractive.com\/oar-schmallenberg\/de\/tour\/wanderung\/ivv-permanentwanderweg-heiliger-berg-wilzenberg-9-km\/58071215\/\">https:\/\/regio.outdooractive.com\/oar-schmallenberg\/de\/tour\/wanderung\/ivv-permanentwanderweg-heiliger-berg-wilzenberg-9-km\/58071215\/<\/a><\/p>\n<p><a href=\"https:\/\/regio.outdooractive.com\/oar-schmallenberg\/de\/tour\/wanderung\/ivv-permanentwanderweg-heiliger-berg-wilzenberg-16-km\/58074076\/\">https:\/\/regio.outdooractive.com\/oar-schmallenberg\/de\/tour\/wanderung\/ivv-permanentwanderweg-heiliger-berg-wilzenberg-16-km\/58074076\/<\/a><\/p>\n<p><a href=\"http:\/\/www.wf-holthausen-huxel.de\/download\/pros_pw1.pdf\" target=\"blank\" rel=\"noopener\">Ausschreibung<\/a> | <a href=\"http:\/\/blog.wf-holthausen-huxel.de\/?page_id=54\">Anfahrt<\/a><\/p>\n<p>Liebe Wanderfreunde,<\/p>\n<p>wir freuen uns, Sie auf unserem ersten Permanentwanderweg begr\u00fc\u00dfen zu k\u00f6nnen und hei\u00dfen Sie herzlich willkommen auf dem Wanderweg \u201eHeiliger Berg\u201c Wilzenberg in der Wanderwelt Schmallenberger Sauerland.<\/p>\n<p>Der Wanderweg ist in Teilbereichen anspruchsvoll und bedarf einer Mindestzeitplanung von f\u00fcnf Stunden. Beim Startkartenerwerb erhalten Sie einen Streckenf\u00fchrungsplan mit ausf\u00fchrlicher Wegebeschreibung. Die Streckenf\u00fchrung orientiert sich ausschlie\u00dflich am vorhandenen bestens beschilderten Wanderwegenetz des Sauerl\u00e4ndischen Gebirgsvereins (SGV) in der Wanderwelt Schmallenberger Sauerland.<\/p>\n<p>Sie starten im Dorf bei 490 m \u00fc. NN, gehen bis zum tiefsten Punkt der Wanderung auf 407 m \u00fc. NN. Mit 658 m \u00fc. NN, dem Gipfel des Wilzenbergs haben Sie den h\u00f6chsten Punkt der Strecke erreicht.<\/p>\n<p>Der Wilzenberg ist ein kulturhistorischer Ort. Umfangreiche Text- und Bildtafeln erkl\u00e4ren die mehr als zweitausendj\u00e4hrige Geschichte. Hier befindet sich die im 17. Jahrhundert neu errichtete Wallfahrtskapelle, zwei Fliehburgen, das 28 m hohe Gipfelkreuz und der \u00fcber einhundert Jahre alte 17 m hohe Aussichtsturm. Von diesem bietet sich ein einzigartiger Ausblick \u00fcber das \u201eLand der tausend Berge\u201c. Sie schauen auf 19 von 84 Ortsteilen des Fl\u00e4chenriesen Stadt Schmallenberg. Weitere Ortschaften der Nachbarstadt Winterberg mit dem Astenturm auf dem Kahlen Asten vollenden den Panoramablick. Ihr Blick nach unten in Mitten der gro\u00dfen Wallburg zeigt die ringf\u00f6rmige Anlage der Fr\u00fchzeit fast vollst\u00e4ndig.<\/p>\n<p>Nach der Turmbesteigung (kostenfrei) wandern Sie \u00fcber einen kurzen Steilabstieg und in der Folge \u00fcber weitere tolle Wanderwege ins Lennetal, weiter durchs Golddorf Niedersorpe und abschlie\u00dfend zum Startort zur\u00fcck.<\/p>\n<p>Bevor Sie diesen erreichen, genie\u00dfen Sie nochmals auf einer ca. 800 m langen Wegstrecke einen herrlichen Fernblick auf mehr als die H\u00e4lfte des von Ihnen erwanderten P.W. \u201eHeilger Berg\u201c Wilzenberg, die Kernstadt Schmallenberg, weite Teile des Schmallenberger Sauerlandes und auf unser Bundes-Golddorf Holthausen.<\/p>\n<p>Viel Spa\u00df beim Wandern w\u00fcnschen Ihnen die<\/p>\n<p>Wanderfreunde Holthausen-Huxel 1979 e.V.<\/p>\n","protected":false},"excerpt":{"rendered":"<p>\u201eHeiliger Berg\u201c Wilzenberg Streckenl\u00e4ngen 9 und 16 km Er\u00f6ffnet am 5. April 2010 Unsere Wanderstrecken bei outdooractive: https:\/\/regio.outdooractive.com\/oar-schmallenberg\/de\/tour\/wanderung\/ivv-permanentwanderweg-heiliger-berg-wilzenberg-9-km\/58071215\/ https:\/\/regio.outdooractive.com\/oar-schmallenberg\/de\/tour\/wanderung\/ivv-permanentwanderweg-heiliger-berg-wilzenberg-16-km\/58074076\/ Ausschreibung | Anfahrt Liebe Wanderfreunde, wir freuen uns, Sie auf unserem ersten Permanentwanderweg begr\u00fc\u00dfen zu k\u00f6nnen und hei\u00dfen Sie herzlich willkommen &hellip; <a href=\"http:\/\/blog.wf-holthausen-huxel.de\/?page_id=28\">Weiterlesen <span class=\"meta-nav\">&rarr;<\/span><\/a><\/p>\n","protected":false},"author":1,"featured_media":0,"parent":25,"menu_order":0,"comment_status":"closed","ping_status":"closed","template":"","meta":{"footnotes":""},"_links":{"self":[{"href":"http:\/\/blog.wf-holthausen-huxel.de\/index.php?rest_route=\/wp\/v2\/pages\/28"}],"collection":[{"href":"http:\/\/blog.wf-holthausen-huxel.de\/index.php?rest_route=\/wp\/v2\/pages"}],"about":[{"href":"http:\/\/blog.wf-holthausen-huxel.de\/index.php?rest_route=\/wp\/v2\/types\/page"}],"author":[{"embeddable":true,"href":"http:\/\/blog.wf-holthausen-huxel.de\/index.php?rest_route=\/wp\/v2\/users\/1"}],"replies":[{"embeddable":true,"href":"http:\/\/blog.wf-holthausen-huxel.de\/index.php?rest_route=%2Fwp%2Fv2%2Fcomments&post=28"}],"version-history":[{"count":12,"href":"http:\/\/blog.wf-holthausen-huxel.de\/index.php?rest_route=\/wp\/v2\/pages\/28\/revisions"}],"predecessor-version":[{"id":566,"href":"http:\/\/blog.wf-holthausen-huxel.de\/index.php?rest_route=\/wp\/v2\/pages\/28\/revisions\/566"}],"up":[{"embeddable":true,"href":"http:\/\/blog.wf-holthausen-huxel.de\/index.php?rest_route=\/wp\/v2\/pages\/25"}],"wp:attachment":[{"href":"http:\/\/blog.wf-holthausen-huxel.de\/index.php?rest_route=%2Fwp%2Fv2%2Fmedia&parent=28"}],"curies":[{"name":"wp","href":"https:\/\/api.w.org\/{rel}","templated":true}]}}