{"id":54,"date":"2016-03-25T22:02:15","date_gmt":"2016-03-25T22:02:15","guid":{"rendered":"http:\/\/blog.wf-holthausen-huxel.de\/?page_id=54"},"modified":"2024-09-03T10:30:06","modified_gmt":"2024-09-03T10:30:06","slug":"anfahrt","status":"publish","type":"page","link":"http:\/\/blog.wf-holthausen-huxel.de\/?page_id=54","title":{"rendered":"Anfahrt"},"content":{"rendered":"<p>So finden Sie uns:<br \/>\n<a href=\"https:\/\/www.google.de\/maps\/place\/51.1825833,8.3407167\" target=\"_blank\" rel=\"noopener\"><img decoding=\"async\" src=\"http:\/\/maps.googleapis.com\/maps\/api\/staticmap?center=51.1825833,8.3407167&amp;markers=color:red%7C51.1825833,8.3407167&amp;zoom=11&amp;size=350x250&amp;scale=1&amp;sensor=true\" alt=\"Karte mit Markierung zu Landgasthof Vollmer-K\u00f6nig\" \/><\/a><\/p>\n<p><strong>Startlokal des PW:<\/strong><br \/>\nLandgasthof Vollmer-K\u00f6nig<br \/>\nHochstra\u00dfe 1<br \/>\n57392 Schmallenberg &#8211; Holthausen<\/p>\n<p><strong>UTM-Koordinaten:<\/strong><br \/>\nE 32453920<br \/>\nN 5670336<br \/>\n<strong>Geografische Koordinaten:<\/strong><br \/>\nL\u00e4nge E 8\u00b0 20.443&#8242;<br \/>\nBreite N 51\u00b0 10.955&#8242;<\/p>\n","protected":false},"excerpt":{"rendered":"<p>So finden Sie uns: Startlokal des PW: Landgasthof Vollmer-K\u00f6nig Hochstra\u00dfe 1 57392 Schmallenberg &#8211; Holthausen UTM-Koordinaten: E 32453920 N 5670336 Geografische Koordinaten: L\u00e4nge E 8\u00b0 20.443&#8242; Breite N 51\u00b0 10.955&#8242;<\/p>\n","protected":false},"author":1,"featured_media":0,"parent":38,"menu_order":1,"comment_status":"closed","ping_status":"closed","template":"","meta":{"footnotes":""},"_links":{"self":[{"href":"http:\/\/blog.wf-holthausen-huxel.de\/index.php?rest_route=\/wp\/v2\/pages\/54"}],"collection":[{"href":"http:\/\/blog.wf-holthausen-huxel.de\/index.php?rest_route=\/wp\/v2\/pages"}],"about":[{"href":"http:\/\/blog.wf-holthausen-huxel.de\/index.php?rest_route=\/wp\/v2\/types\/page"}],"author":[{"embeddable":true,"href":"http:\/\/blog.wf-holthausen-huxel.de\/index.php?rest_route=\/wp\/v2\/users\/1"}],"replies":[{"embeddable":true,"href":"http:\/\/blog.wf-holthausen-huxel.de\/index.php?rest_route=%2Fwp%2Fv2%2Fcomments&post=54"}],"version-history":[{"count":5,"href":"http:\/\/blog.wf-holthausen-huxel.de\/index.php?rest_route=\/wp\/v2\/pages\/54\/revisions"}],"predecessor-version":[{"id":926,"href":"http:\/\/blog.wf-holthausen-huxel.de\/index.php?rest_route=\/wp\/v2\/pages\/54\/revisions\/926"}],"up":[{"embeddable":true,"href":"http:\/\/blog.wf-holthausen-huxel.de\/index.php?rest_route=\/wp\/v2\/pages\/38"}],"wp:attachment":[{"href":"http:\/\/blog.wf-holthausen-huxel.de\/index.php?rest_route=%2Fwp%2Fv2%2Fmedia&parent=54"}],"curies":[{"name":"wp","href":"https:\/\/api.w.org\/{rel}","templated":true}]}}