{"id":8,"date":"2016-03-25T20:40:22","date_gmt":"2016-03-25T20:40:22","guid":{"rendered":"http:\/\/blog.wf-holthausen-huxel.de\/?page_id=8"},"modified":"2018-03-06T17:34:49","modified_gmt":"2018-03-06T17:34:49","slug":"ueber-uns","status":"publish","type":"page","link":"http:\/\/blog.wf-holthausen-huxel.de\/?page_id=8","title":{"rendered":"\u00dcber uns"},"content":{"rendered":"<h3>Wandern in Holthausen und Huxel<\/h3>\n<p><img loading=\"lazy\" decoding=\"async\" class=\"size-medium wp-image-77 alignright\" src=\"http:\/\/blog.wf-holthausen-huxel.de\/wp-content\/uploads\/2016\/03\/wf_logo.gif\" alt=\"wf_logo\" width=\"157\" height=\"154\" \/>Holthausen und Huxel, zwei D\u00f6rfer im Schmallenberger Sauerland, gelegen am s\u00fcdlichen Rand des Hunaumassivs, laden ein zum Wandern. Weitab von allen Industriezentren bietet sich hier eine ideale Mittelgebirgslandschaft mit weitl\u00e4ufigen Wanderwegen durch unber\u00fchrte Mischw\u00e4lder und idyllische T\u00e4ler.<\/p>\n<p>Die \u201eWanderfreunde Holthausen-Huxel 1979 e. V.\u201c\u00a0bieten Ihnen die M\u00f6glichkeit, diese einmalige Landschaft an unserem Wandertag und zeitlich unabh\u00e4ngig auf unserem Permanentwanderweg zu erwandern und dabei das Schmallenberger Sauerland auf attraktiven Wanderstrecken zu erleben.<br \/>\n<img loading=\"lazy\" decoding=\"async\" class=\"size-medium wp-image-77 alignright\" style=\"font-size: 16px;\" src=\"http:\/\/blog.wf-holthausen-huxel.de\/wp-content\/uploads\/2016\/03\/dvv_logo_n.gif\" alt=\"dvv_logo_n\" width=\"195\" height=\"84\" \/><\/p>\n<p>Sehen Sie sich auf unseren Internetseiten um, kommen Sie zu uns und erwandern Sie unseren PW. Die Wanderfreunde Holthausen-Huxel erwarten Sie.<\/p>\n<p><strong>Gott zum Gru\u00df &#8211; gut zu Fu\u00df<\/strong><\/p>\n","protected":false},"excerpt":{"rendered":"<p>Wandern in Holthausen und Huxel Holthausen und Huxel, zwei D\u00f6rfer im Schmallenberger Sauerland, gelegen am s\u00fcdlichen Rand des Hunaumassivs, laden ein zum Wandern. Weitab von allen Industriezentren bietet sich hier eine ideale Mittelgebirgslandschaft mit weitl\u00e4ufigen Wanderwegen durch unber\u00fchrte Mischw\u00e4lder und &hellip; <a href=\"http:\/\/blog.wf-holthausen-huxel.de\/?page_id=8\">Weiterlesen <span class=\"meta-nav\">&rarr;<\/span><\/a><\/p>\n","protected":false},"author":1,"featured_media":0,"parent":0,"menu_order":0,"comment_status":"closed","ping_status":"closed","template":"","meta":{"footnotes":""},"_links":{"self":[{"href":"http:\/\/blog.wf-holthausen-huxel.de\/index.php?rest_route=\/wp\/v2\/pages\/8"}],"collection":[{"href":"http:\/\/blog.wf-holthausen-huxel.de\/index.php?rest_route=\/wp\/v2\/pages"}],"about":[{"href":"http:\/\/blog.wf-holthausen-huxel.de\/index.php?rest_route=\/wp\/v2\/types\/page"}],"author":[{"embeddable":true,"href":"http:\/\/blog.wf-holthausen-huxel.de\/index.php?rest_route=\/wp\/v2\/users\/1"}],"replies":[{"embeddable":true,"href":"http:\/\/blog.wf-holthausen-huxel.de\/index.php?rest_route=%2Fwp%2Fv2%2Fcomments&post=8"}],"version-history":[{"count":17,"href":"http:\/\/blog.wf-holthausen-huxel.de\/index.php?rest_route=\/wp\/v2\/pages\/8\/revisions"}],"predecessor-version":[{"id":413,"href":"http:\/\/blog.wf-holthausen-huxel.de\/index.php?rest_route=\/wp\/v2\/pages\/8\/revisions\/413"}],"wp:attachment":[{"href":"http:\/\/blog.wf-holthausen-huxel.de\/index.php?rest_route=%2Fwp%2Fv2%2Fmedia&parent=8"}],"curies":[{"name":"wp","href":"https:\/\/api.w.org\/{rel}","templated":true}]}}